{"id":16688,"date":"2019-03-11T19:06:16","date_gmt":"2019-03-11T19:06:16","guid":{"rendered":"http:\/\/www.colonialdesantillana.com\/es\/?page_id=16688"},"modified":"2020-02-05T11:00:55","modified_gmt":"2020-02-05T11:00:55","slug":"actividades-y-venta-de-entradas","status":"publish","type":"page","link":"http:\/\/www.colonialdesantillana.com\/es\/actividades-y-venta-de-entradas\/","title":{"rendered":"Actividades y venta de entradas"},"content":{"rendered":"[vc_row css_animation=\u00bb\u00bb row_type=\u00bbrow\u00bb use_row_as_full_screen_section=\u00bbno\u00bb type=\u00bbfull_width\u00bb angled_section=\u00bbno\u00bb text_align=\u00bbleft\u00bb background_image_as_pattern=\u00bbwithout_pattern\u00bb padding_top=\u00bb150&#8243;][vc_column][vc_column_text]\n<h2 style=\"text-align: center;\"><span style=\"font-family: Arial, Helvetica, sans-serif; font-size: 36pt;\">Actividades y venta de entradas<\/span><\/h2>\n[\/vc_column_text][\/vc_column][\/vc_row][vc_row css_animation=\u00bb\u00bb row_type=\u00bbrow\u00bb use_row_as_full_screen_section=\u00bbno\u00bb type=\u00bbfull_width\u00bb angled_section=\u00bbno\u00bb text_align=\u00bbleft\u00bb background_image_as_pattern=\u00bbwithout_pattern\u00bb padding_top=\u00bb30&#8243;][vc_column][vc_column_text]<span style=\"font-family: Arial, Helvetica, sans-serif; font-size: 14pt;\">La Posada Boutique Los Cautivos pone a vuestra disposici\u00f3n entradas con importantes descuentos para varias instalaciones o actividades tur\u00edsticas. De esta forma, aparte de disfrutar del descuento, nos aseguramos en \u00e9pocas de mucha demanda, no os qued\u00e9is sin entrada, ya que en muchas instalaciones hay cupo reducido.<\/span><\/p>\n<p>&nbsp;<\/p>\n<p><span style=\"font-family: Arial, Helvetica, sans-serif; font-size: 14pt;\">LISTADO DE INSTALACIONES CON DESCUENTO:<\/span><\/p>\n<ul>\n<li><span style=\"font-family: Arial, Helvetica, sans-serif; font-size: 14pt;\">Parque de la Naturaleza de Cab\u00e1rceno<\/span><\/li>\n<li><span style=\"font-family: Arial, Helvetica, sans-serif; font-size: 14pt;\">Cueva de El Soplao<\/span><\/li>\n<li><span style=\"font-family: Arial, Helvetica, sans-serif; font-size: 14pt;\">Cueva de Altamira y Arte Rupestre Paleol\u00edtico.<\/span><\/li>\n<li><span style=\"font-family: Arial, Helvetica, sans-serif; font-size: 14pt;\">Telef\u00e9rico de Fuente D\u00e9<\/span><\/li>\n<li><span style=\"font-family: Arial, Helvetica, sans-serif; font-size: 14pt;\">Museo Mar\u00edtimo del Cant\u00e1brico<\/span><\/li>\n<li><span style=\"font-family: Arial, Helvetica, sans-serif; font-size: 14pt;\">Campos de golf de Abra de Pas y Nestares<\/span><\/li>\n<li><span style=\"font-family: Arial, Helvetica, sans-serif; font-size: 14pt;\">Centro Bot\u00edn<\/span><\/li>\n<li><span style=\"font-family: Arial, Helvetica, sans-serif; font-size: 14pt;\">El Capricho de Gaud\u00ed<\/span><\/li>\n<li><span style=\"font-family: Arial, Helvetica, sans-serif; font-size: 14pt;\">Laberinto de Villapresente<\/span><\/li>\n<li><span style=\"font-family: Arial, Helvetica, sans-serif; font-size: 14pt;\">Visita a la Bodega Siderit<\/span><\/li>\n<li><span style=\"font-family: Arial, Helvetica, sans-serif; font-size: 14pt;\">Estaci\u00f3n de Esqu\u00ed de Alto Campoo<\/span><\/li>\n<\/ul>\n<h2 style=\"text-align: center;\"><\/h2>\n[\/vc_column_text][\/vc_column][\/vc_row][vc_row css_animation=\u00bb\u00bb row_type=\u00bbrow\u00bb use_row_as_full_screen_section=\u00bbno\u00bb type=\u00bbfull_width\u00bb angled_section=\u00bbno\u00bb text_align=\u00bbleft\u00bb background_image_as_pattern=\u00bbwithout_pattern\u00bb padding_top=\u00bb30&#8243;][vc_column width=\u00bb1\/3&#8243;][vc_column_text]\n<p style=\"text-align: center;\"><strong><span style=\"font-family: Arial, Helvetica, sans-serif; font-size: 14pt;\">PARQUE DE CAB\u00c1RCENO<\/span><\/strong><\/p>\n[\/vc_column_text][vc_separator type=\u00bbnormal\u00bb][vc_single_image image=\u00bb16698&#8243; img_size=\u00bb347&#215;262&#8243; qode_css_animation=\u00bb\u00bb][vc_separator type=\u00bbnormal\u00bb][vc_column_text]<span class=\"collapseomatic \" id=\"id6a08fa4a2d61d\"  tabindex=\"0\" title=\"M\u00c1S INFORMACI\u00d3N\"    >M\u00c1S INFORMACI\u00d3N<\/span><div id=\"target-id6a08fa4a2d61d\" class=\"collapseomatic_content \">\n<p>Inaugurado en 1989, el Parque de la Naturaleza de Cab\u00e1rceno se ha convertido por s\u00ed solo en se\u00f1a de identidad del turismo en Cantabria. Ubicado en una antigua mina de mineral de hierro cuyo inicio se remonta a la \u00e9poca romana, Cab\u00e1rceno no deja indiferente a nadie, ya sea por la belleza de su paisaje minero como por la diversidad de animales que viven en \u00e9l.<\/p>\n<p>En sus 750 hect\u00e1reas de terreno podemos encontrar elefantes, tigres, gorilas, leones, hipop\u00f3tamos, rinocerontes, jirafas y un largo etc\u00e9tera de animales, muchos de ellos protegidos en estado salvaje debido a su delicado estado de conservaci\u00f3n.<\/p>\n<p>Cab\u00e1rceno no es un zool\u00f3gico convencional, sino que est\u00e1 concebido con fines cient\u00edficos, investigaci\u00f3n y conservaci\u00f3n de especies en peligro de extinci\u00f3n, adem\u00e1s de los consabidos fines recreativos.<\/p>\n<p><strong>Enlaces:<\/strong><\/p>\n<p><a href=\"https:\/\/www.parquedecabarceno.com\/\" target=\"_blank\" rel=\"noopener noreferrer\">https:\/\/www.parquedecabarceno.com\/<\/a><\/p>\n<\/div>[\/vc_column_text][\/vc_column][vc_column width=\u00bb1\/3&#8243;][vc_column_text]\n<p style=\"text-align: center;\"><strong><span style=\"font-family: Arial, Helvetica, sans-serif; font-size: 14pt;\">CUEVA DE \u201cEL SOPLAO\u201d<\/span><\/strong><\/p>\n[\/vc_column_text][vc_separator type=\u00bbnormal\u00bb][vc_single_image image=\u00bb16697&#8243; img_size=\u00bb347&#215;262&#8243; qode_css_animation=\u00bb\u00bb][vc_separator type=\u00bbnormal\u00bb][vc_column_text]<span class=\"collapseomatic \" id=\"id6a08fa4a2d6aa\"  tabindex=\"0\" title=\"M\u00c1S INFORMACI\u00d3N\"    >M\u00c1S INFORMACI\u00d3N<\/span><div id=\"target-id6a08fa4a2d6aa\" class=\"collapseomatic_content \">\n<p>Ubicada en la antigua explotaci\u00f3n minera de la Florida donde se extra\u00eda blenda y galena y descubierta casi por casualidad, la cueva de <em>El Soplao<\/em> est\u00e1 considerada una de las maravillas de la geolog\u00eda a nivel mundial ya que en su interior podemos encontrar infinidad de formaciones endok\u00e1rsticas, como formaciones exc\u00e9ntricas, estalagmitas, estalactitas, coladas y columnas de gran complejidad e importancia<\/p>\n<p>Los 120 a\u00f1os que dur\u00f3 la actividad minera en la zona tambi\u00e9n nos ha dejado un rico patrimonio minero en forma de hornos de calcinaci\u00f3n, lavaderos y dem\u00e1s infraestructuras adem\u00e1s de 20 km. de galer\u00edas subterr\u00e1neas.<\/p>\n<p><strong>Enlaces:<\/strong><\/p>\n<p><a href=\"https:\/\/www.elsoplao.es\/\" target=\"_blank\" rel=\"noopener noreferrer\">https:\/\/www.elsoplao.es\/<\/a><\/p>\n<\/div>[\/vc_column_text][\/vc_column][vc_column width=\u00bb1\/3&#8243;][vc_column_text]\n<p style=\"text-align: center;\"><strong><span style=\"font-family: Arial, Helvetica, sans-serif; font-size: 14pt;\">CUEVA DE ALTAMIRA<\/span><\/strong><\/p>\n[\/vc_column_text][vc_separator type=\u00bbnormal\u00bb][vc_single_image image=\u00bb16696&#8243; img_size=\u00bb347&#215;262&#8243; qode_css_animation=\u00bb\u00bb][vc_separator type=\u00bbnormal\u00bb][vc_column_text][\/vc_column_text][vc_column_text]<span class=\"collapseomatic \" id=\"id6a08fa4a2d759\"  tabindex=\"0\" title=\"M\u00c1S INFORMACI\u00d3N\"    >M\u00c1S INFORMACI\u00d3N<\/span><div id=\"target-id6a08fa4a2d759\" class=\"collapseomatic_content \">\n<p>Cantabria conserva uno de los m\u00e1s importantes conjuntos de arte rupestre paleol\u00edtico de Europa. De ah\u00ed que diez de las diecisiete cuevas englobadas dentro del bien <em>Cuevas de Altamira y Arte Rupestre Paleol\u00edtico de la Cornisa Cant\u00e1brica<\/em>, declarado Patrimonio de la Humanidad por la Unesco en 2005, est\u00e9n en nuestra regi\u00f3n.<\/p>\n<p>Listado de Cuevas incluidas:<\/p>\n<ul>\n<li>Cueva de Altamira<\/li>\n<li>Cueva de Chuf\u00edn<\/li>\n<li>Cueva de Covalanas<\/li>\n<li>Cueva de la Garma<\/li>\n<li>Cueva de Hornos de la Pe\u00f1a<\/li>\n<li>Cuevas del Monte Castillo (El Castillo, La Pasiega, Las Chimeneas y Las Monedas)<\/li>\n<li>Cueva de El Pendo<\/li>\n<\/ul>\n<p><strong>Enlaces:<\/strong><\/p>\n<p><a href=\"https:\/\/whc.unesco.org\/es\/list\/310\" target=\"_blank\" rel=\"noopener noreferrer\">https:\/\/whc.unesco.org\/es\/list\/310<\/a><\/p>\n<p><a href=\"https:\/\/www.mecd.gob.es\/mnaltamira\/home.html\" target=\"_blank\" rel=\"noopener noreferrer\">https:\/\/www.mecd.gob.es\/mnaltamira\/home.html<\/a><\/p>\n<p><a href=\"http:\/\/cuevas.culturadecantabria.com\" target=\"_blank\" rel=\"noopener noreferrer\">http:\/\/cuevas.culturadecantabria.com<\/a><\/p>\n<\/div>[\/vc_column_text][\/vc_column][\/vc_row][vc_row css_animation=\u00bb\u00bb row_type=\u00bbrow\u00bb use_row_as_full_screen_section=\u00bbno\u00bb type=\u00bbfull_width\u00bb angled_section=\u00bbno\u00bb text_align=\u00bbleft\u00bb background_image_as_pattern=\u00bbwithout_pattern\u00bb padding_top=\u00bb30&#8243;][vc_column width=\u00bb1\/3&#8243;][vc_column_text]\n<p style=\"text-align: center;\"><strong><span style=\"font-family: Arial, Helvetica, sans-serif; font-size: 14pt;\">CAPRICHO DE GAUD\u00cd<\/span><\/strong><\/p>\n[\/vc_column_text][vc_separator type=\u00bbnormal\u00bb][vc_single_image image=\u00bb16695&#8243; img_size=\u00bb347&#215;262&#8243; qode_css_animation=\u00bb\u00bb][vc_separator type=\u00bbnormal\u00bb][vc_column_text]<span class=\"collapseomatic \" id=\"id6a08fa4a2d7f4\"  tabindex=\"0\" title=\"M\u00c1S INFORMACI\u00d3N\"    >M\u00c1S INFORMACI\u00d3N<\/span><div id=\"target-id6a08fa4a2d7f4\" class=\"collapseomatic_content \">\n<p>El Capricho es un edificio modernista situado en Comillas. Fue proyectado por Antoni Gaud\u00ed y construido entre 1883 y 1885, bajo la direcci\u00f3n de Crist\u00f3bal Cascante, por encargo del concu\u00f1ado del primer Marqu\u00e9s de Comillas, Antonio L\u00f3pez y L\u00f3pez.<\/p>\n<p>Pertenece a la etapa orientalista del arquitecto, caracterizada por la influencia del arte del Pr\u00f3ximo y Lejano Oriente y del arte mud\u00e9jar y nazar\u00ed.<\/p>\n<p>Despu\u00e9s de la Guerra Civil Espa\u00f1ola, el edificio cay\u00f3 en el abandono. Despu\u00e9s de haber sido restaurante, actualmente est\u00e1 reconvertido a museo.<\/p>\n<p>Es una de las pocas obras del arquitecto Antoni Gaud\u00ed que se encuentran fuera de Catalu\u00f1a.<\/p>\n<p><strong>Enlaces:<\/strong><\/p>\n<p><a href=\"https:\/\/www.elcaprichodegaudi.com\" target=\"_blank\" rel=\"noopener noreferrer\">https:\/\/www.elcaprichodegaudi.com<\/a><\/p>\n<\/div>[\/vc_column_text][\/vc_column][vc_column width=\u00bb1\/3&#8243;][vc_column_text]\n<p style=\"text-align: center;\"><strong><span style=\"font-family: Arial, Helvetica, sans-serif; font-size: 14pt;\">CENTRO BOT\u00cdN<br \/>\n<\/span><\/strong><\/p>\n[\/vc_column_text][vc_separator type=\u00bbnormal\u00bb][vc_single_image image=\u00bb16694&#8243; img_size=\u00bb347&#215;262&#8243; qode_css_animation=\u00bb\u00bb][vc_separator type=\u00bbnormal\u00bb][vc_column_text]<span class=\"collapseomatic \" id=\"id6a08fa4a2d890\"  tabindex=\"0\" title=\"M\u00c1S INFORMACI\u00d3N\"    >M\u00c1S INFORMACI\u00d3N<\/span><div id=\"target-id6a08fa4a2d890\" class=\"collapseomatic_content \">\n<p>El Centro Bot\u00edn se encuentra en pleno centro de Santander, en un lugar privilegiado junto a los Jardines de Pereda. Inaugurado en 2017, este edificio cultural dise\u00f1ado por el arquitecto italiano y premio Pritzker Renzo Piano, alberga exposiciones permanentes y temporales, desarrollando a su vez actividades relacionadas con el arte y la cultura.<\/p>\n<p><strong>Enlaces:<\/strong><\/p>\n<p><a href=\"https:\/\/www.centrobotin.org\" target=\"_blank\" rel=\"noopener noreferrer\">https:\/\/www.centrobotin.org<\/a><\/p>\n<\/div>[\/vc_column_text][\/vc_column][vc_column width=\u00bb1\/3&#8243;][vc_column_text]\n<p style=\"text-align: center;\"><strong><span style=\"font-family: Arial, Helvetica, sans-serif; font-size: 14pt;\">FUENTE D\u00c9<\/span><\/strong><\/p>\n[\/vc_column_text][vc_separator type=\u00bbnormal\u00bb][vc_single_image image=\u00bb16693&#8243; img_size=\u00bb347&#215;262&#8243; qode_css_animation=\u00bb\u00bb][vc_separator type=\u00bbnormal\u00bb][vc_column_text]<span class=\"collapseomatic \" id=\"id6a08fa4a2d926\"  tabindex=\"0\" title=\"M\u00c1S INFORMACI\u00d3N\"    >M\u00c1S INFORMACI\u00d3N<\/span><div id=\"target-id6a08fa4a2d926\" class=\"collapseomatic_content \">\n<p>El Telef\u00e9rico de Fuente D\u00e9 se encuentra en el coraz\u00f3n de Picos de Europa, en el municipio lebaniego de Camale\u00f1o. Salva un desnivel de 753 metros hasta alcanzar una altura de 1823 metros en apenas cuatro minutos a una velocidad de 10 metros\/segundo, lo que permite un acceso r\u00e1pido y c\u00f3modo al macizo central de Picos.<\/p>\n<p>&nbsp;<\/p>\n<p>Una vez arriba se puede optar por tomar una bebida en la cafeter\u00eda disfrutando de unas vistas espectaculares al Valle de Li\u00e9bana o ponerse calzado c\u00f3modo y disfrutar de un paseo por el interior del Parque Nacional para descubrir la belleza de este espacio protegido y si tenemos suerte veremos los animales que escalan sus laderas m\u00e1s escarpadas o las aves que sobrevuelan sus picos m\u00e1s altos. Si las piernas lo permiten llegaremos hasta el <em>Chalet Real<\/em> o el <em>Refugio Minero de \u00c1liva<\/em>, actualmente reconvertido a refugio de monta\u00f1a y cafeter\u00eda.<\/p>\n<p><strong>Enlaces:<\/strong><\/p>\n<p><a href=\"https:\/\/cantur.com\/instalaciones\/5-teleferico-de-fuente-de\" target=\"_blank\" rel=\"noopener noreferrer\">https:\/\/cantur.com\/instalaciones\/5-teleferico-de-fuente-de<\/a><\/p>\n<\/div>[\/vc_column_text][\/vc_column][\/vc_row][vc_row css_animation=\u00bb\u00bb row_type=\u00bbrow\u00bb use_row_as_full_screen_section=\u00bbno\u00bb type=\u00bbfull_width\u00bb angled_section=\u00bbno\u00bb text_align=\u00bbleft\u00bb background_image_as_pattern=\u00bbwithout_pattern\u00bb padding_top=\u00bb30&#8243;][vc_column width=\u00bb1\/3&#8243;][vc_column_text]\n<p style=\"text-align: center;\"><strong><span style=\"font-family: Arial, Helvetica, sans-serif; font-size: 14pt;\">GOLF<\/span><\/strong><\/p>\n[\/vc_column_text][vc_separator type=\u00bbnormal\u00bb][vc_single_image image=\u00bb16692&#8243; img_size=\u00bb347&#215;262&#8243; qode_css_animation=\u00bb\u00bb][vc_separator type=\u00bbnormal\u00bb][vc_column_text]<span class=\"collapseomatic \" id=\"id6a08fa4a2d9a2\"  tabindex=\"0\" title=\"M\u00c1S INFORMACI\u00d3N\"    >M\u00c1S INFORMACI\u00d3N<\/span><div id=\"target-id6a08fa4a2d9a2\" class=\"collapseomatic_content \">\n<p>Es posible compaginar turismo y la pr\u00e1ctica de tu afici\u00f3n favorita en estos dos campos de golf:<\/p>\n<p><strong><em>Campo de golf de Nestares (Campoo de Enmedio)<\/em><\/strong><\/p>\n<p>Un recorrido de 18 hoyos, par 72, con suaves desniveles y una longitud de 6.250 metros, que disfruta tanto el jugador amateur como el jugador profesional, pues su dificultad no est\u00e1 exenta de conseguir esa vuelta que todos los aficionados a este deporte siempre han so\u00f1ado.<\/p>\n<p><strong><em>Campo de golf de Abra de Pas (Mogro)<\/em><\/strong><\/p>\n<p>El campo tiene 18 hoyos y par 70, con suaves subidas y bajadas, un gran lago que afecta a 6 hoyos y ayuda en el drenaje del campo y en la estrategia del juego, y un rough espeso limitando las calles.<\/p>\n<\/div>[\/vc_column_text][vc_separator type=\u00bbnormal\u00bb][\/vc_column][vc_column width=\u00bb1\/3&#8243;][vc_column_text]\n<p style=\"text-align: center;\"><strong><span style=\"font-family: Arial, Helvetica, sans-serif; font-size: 14pt;\">LABERINTO DE VILLAPRESENTE<\/span><\/strong><\/p>\n[\/vc_column_text][vc_separator type=\u00bbnormal\u00bb][vc_single_image image=\u00bb16691&#8243; img_size=\u00bb347&#215;262&#8243; qode_css_animation=\u00bb\u00bb][vc_separator type=\u00bbnormal\u00bb][vc_column_text]<span class=\"collapseomatic \" id=\"id6a08fa4a2da35\"  tabindex=\"0\" title=\"M\u00c1S INFORMACI\u00d3N\"    >M\u00c1S INFORMACI\u00d3N<\/span><div id=\"target-id6a08fa4a2da35\" class=\"collapseomatic_content \">\n<p>Todo un reto. Hay tres opciones para salir del laberinto: La primera de ellas es hacer como D\u00e9dalo e \u00cdcaro en la mitolog\u00eda griega, es decir una vez dentro construir unas alas de cera para salvar los muros vegetales del laberinto\u2026 pero cuidado, no os acerqu\u00e9is demasiado al sol como \u00cdcaro que se os derretir\u00e1n las alas y caer\u00e9is al mar. La segunda de ellas es hacer como Teseo, que utiliz\u00f3 un madeja de hilo para salir del laberinto despu\u00e9s de matar al minotauro\u2026 Pero no os preocup\u00e9is, aqu\u00ed no hay minotauro ni os esperar\u00e1 Ariadna fuera. Y la tercera de ellas, salir por vuestros propios medios despu\u00e9s de estar aburridos de pasar por el mismo sitio una y mil veces. \u00bfCon cu\u00e1l os qued\u00e1is?<\/p>\n<p><strong>Enlaces:<\/strong><\/p>\n<p><a href=\"http:\/\/laberintodevillapresente.es\" target=\"_blank\" rel=\"noopener noreferrer\">http:\/\/laberintodevillapresente.es<\/a><\/p>\n<\/div>[\/vc_column_text][vc_separator type=\u00bbnormal\u00bb][\/vc_column][vc_column width=\u00bb1\/3&#8243;][vc_column_text]\n<p style=\"text-align: center;\"><strong><span style=\"font-family: Arial, Helvetica, sans-serif; font-size: 14pt;\">MUSEO MAR\u00cdTIMO DEL CANT\u00c1BRICO<br \/>\n<\/span><\/strong><\/p>\n[\/vc_column_text][vc_separator type=\u00bbnormal\u00bb][vc_single_image image=\u00bb16690&#8243; img_size=\u00bb347&#215;262&#8243; qode_css_animation=\u00bb\u00bb][vc_separator type=\u00bbnormal\u00bb][vc_column_text]<span class=\"collapseomatic \" id=\"id6a08fa4a2daca\"  tabindex=\"0\" title=\"M\u00c1S INFORMACI\u00d3N\"    >M\u00c1S INFORMACI\u00d3N<\/span><div id=\"target-id6a08fa4a2daca\" class=\"collapseomatic_content \">\n<p>Situado en el frente mar\u00edtimo de Santander, el MMC tiene por objetivo dar a conocer la fauna y flora marina y la historia etnogr\u00e1fica y tecnol\u00f3gica del Cant\u00e1brico. En sus diferentes plantas tendremos ocasi\u00f3n de ver desde los distintos entornos naturales representados en los veinte acuarios que hay en el museo hasta las exposiciones permanentes dedicadas a las gentes del mar, donde se explica el oficio, los barcos, las formas de vida, las creencias y la organizaci\u00f3n social. Esta exposici\u00f3n se complementa con una sala dedicada a los deportes n\u00e1uticos donde se muestra la evoluci\u00f3n de las embarcaciones tradicionales de pesca hasta las modernas usadas en las regatas de remo y vela.<\/p>\n<p><strong>Enlaces:<\/strong><\/p>\n<p><a href=\"http:\/\/www.museosdecantabria.es\/web\/museoscantabria\/Maritimo\/visitar\/Situacion\" target=\"_blank\" rel=\"noopener noreferrer\">http:\/\/www.museosdecantabria.es<\/a><\/p>\n<p>&nbsp;<\/p>\n<\/div>[\/vc_column_text][vc_separator type=\u00bbnormal\u00bb][\/vc_column][\/vc_row]\n","protected":false},"excerpt":{"rendered":"<p>[vc_row css_animation=\u00bb\u00bb row_type=\u00bbrow\u00bb use_row_as_full_screen_section=\u00bbno\u00bb type=\u00bbfull_width\u00bb angled_section=\u00bbno\u00bb text_align=\u00bbleft\u00bb background_image_as_pattern=\u00bbwithout_pattern\u00bb padding_top=\u00bb150&#8243;][vc_column][vc_column_text] Actividades y venta de entradas [\/vc_column_text][\/vc_column][\/vc_row][vc_row css_animation=\u00bb\u00bb row_type=\u00bbrow\u00bb use_row_as_full_screen_section=\u00bbno\u00bb type=\u00bbfull_width\u00bb angled_section=\u00bbno\u00bb text_align=\u00bbleft\u00bb background_image_as_pattern=\u00bbwithout_pattern\u00bb padding_top=\u00bb30&#8243;][vc_column][vc_column_text]La Posada Boutique Los Cautivos pone a vuestra disposici\u00f3n entradas con importantes descuentos para varias instalaciones o actividades tur\u00edsticas. De esta forma, aparte&#8230;<\/p>\n","protected":false},"author":1,"featured_media":0,"parent":0,"menu_order":0,"comment_status":"closed","ping_status":"closed","template":"","meta":[],"_links":{"self":[{"href":"http:\/\/www.colonialdesantillana.com\/es\/wp-json\/wp\/v2\/pages\/16688"}],"collection":[{"href":"http:\/\/www.colonialdesantillana.com\/es\/wp-json\/wp\/v2\/pages"}],"about":[{"href":"http:\/\/www.colonialdesantillana.com\/es\/wp-json\/wp\/v2\/types\/page"}],"author":[{"embeddable":true,"href":"http:\/\/www.colonialdesantillana.com\/es\/wp-json\/wp\/v2\/users\/1"}],"replies":[{"embeddable":true,"href":"http:\/\/www.colonialdesantillana.com\/es\/wp-json\/wp\/v2\/comments?post=16688"}],"version-history":[{"count":5,"href":"http:\/\/www.colonialdesantillana.com\/es\/wp-json\/wp\/v2\/pages\/16688\/revisions"}],"predecessor-version":[{"id":16770,"href":"http:\/\/www.colonialdesantillana.com\/es\/wp-json\/wp\/v2\/pages\/16688\/revisions\/16770"}],"wp:attachment":[{"href":"http:\/\/www.colonialdesantillana.com\/es\/wp-json\/wp\/v2\/media?parent=16688"}],"curies":[{"name":"wp","href":"https:\/\/api.w.org\/{rel}","templated":true}]}}